{"id":972,"date":"2014-04-30T09:03:16","date_gmt":"2014-04-30T07:03:16","guid":{"rendered":"http:\/\/360vista.fr\/wp3\/?page_id=972"},"modified":"2014-04-30T10:01:47","modified_gmt":"2014-04-30T08:01:47","slug":"tokyo-yasukuni","status":"publish","type":"page","link":"https:\/\/360vista.fr\/wp3\/visite-virtuelle\/asie\/tokyo-yasukuni\/","title":{"rendered":"Tokyo &#8211; Yasukuni"},"content":{"rendered":"<p>Au centre de Tokyo, au nord du palais imp\u00e9rial se trouve le sanctuaire de Yasukuni. <\/p>\n<p>Je vais citer l&rsquo;article de <a href=\"http:\/\/fr.wikipedia.org\/wiki\/Yasukuni-jinja\">Wikip\u00e9dia<\/a>:<br \/>\n<em>Yasukuni-jinja?, litt\u00e9ralement \u00ab le sanctuaire shinto du pays apais\u00e9 \u00bb, ancienne graphie : \u9756\u570b\u795e\u793e) est un sanctuaire shinto situ\u00e9 dans l&rsquo;arrondissement de Chiyoda-ku \u00e0 T\u014dky\u014d. Il fut construit en 1869 pour rendre hommage aux Japonais \u00ab ayant donn\u00e9 leur vie au nom de l&#8217;empereur du Japon \u00bb. Les \u00e2mes de plus de deux millions de soldats japonais morts de 1868 \u00e0 1951 y sont d\u00e9ifi\u00e9es. Consid\u00e9r\u00e9 comme l&rsquo;un des symboles du pass\u00e9 colonialiste du Japon et des nationalistes, il est c\u00e9l\u00e8bre pour les pol\u00e9miques qu&rsquo;il suscite en Extr\u00eame-Orient, et notamment dans les pays autrefois partie de la sph\u00e8re de coprosp\u00e9rit\u00e9 de la grande Asie orientale.<\/em><\/p>\n<p>Le mus\u00e9e vaut le coup d&rsquo;oeil; en effet, vous aurez ici une interpr\u00e9tation historique autre des raisons ayant pouss\u00e9 l&#8217;empire du soleil levant \u00e0 entrer en guerre.<\/p>\n<p><center><\/p>\n<div style=\"text-align:center; margin:0 auto;\"><iframe loading=\"lazy\" src=\"https:\/\/www.360vista.fr\/asie\/jp\/yasukuni.html\" width=\"800\" height=\"400\" frameborder=\"0\" allowfullscreen><\/iframe><\/div>\n<p><\/br><br \/>\n<\/center><\/p>\n","protected":false},"excerpt":{"rendered":"<p>Au centre de Tokyo, au nord du palais imp\u00e9rial se trouve le sanctuaire de Yasukuni. Je vais citer l&rsquo;article de [&hellip;]<\/p>\n","protected":false},"author":1,"featured_media":0,"parent":505,"menu_order":0,"comment_status":"open","ping_status":"open","template":"","meta":{"site-sidebar-layout":"default","site-content-layout":"","ast-site-content-layout":"default","site-content-style":"default","site-sidebar-style":"default","ast-global-header-display":"","ast-banner-title-visibility":"","ast-main-header-display":"","ast-hfb-above-header-display":"","ast-hfb-below-header-display":"","ast-hfb-mobile-header-display":"","site-post-title":"","ast-breadcrumbs-content":"","ast-featured-img":"","footer-sml-layout":"","ast-disable-related-posts":"","theme-transparent-header-meta":"","adv-header-id-meta":"","stick-header-meta":"","header-above-stick-meta":"","header-main-stick-meta":"","header-below-stick-meta":"","astra-migrate-meta-layouts":"default","ast-page-background-enabled":"default","ast-page-background-meta":{"desktop":{"background-color":"var(--ast-global-color-5)","background-image":"","background-repeat":"repeat","background-position":"center center","background-size":"auto","background-attachment":"scroll","background-type":"","background-media":"","overlay-type":"","overlay-color":"","overlay-opacity":"","overlay-gradient":""},"tablet":{"background-color":"","background-image":"","background-repeat":"repeat","background-position":"center center","background-size":"auto","background-attachment":"scroll","background-type":"","background-media":"","overlay-type":"","overlay-color":"","overlay-opacity":"","overlay-gradient":""},"mobile":{"background-color":"","background-image":"","background-repeat":"repeat","background-position":"center center","background-size":"auto","background-attachment":"scroll","background-type":"","background-media":"","overlay-type":"","overlay-color":"","overlay-opacity":"","overlay-gradient":""}},"ast-content-background-meta":{"desktop":{"background-color":"var(--ast-global-color-4)","background-image":"","background-repeat":"repeat","background-position":"center center","background-size":"auto","background-attachment":"scroll","background-type":"","background-media":"","overlay-type":"","overlay-color":"","overlay-opacity":"","overlay-gradient":""},"tablet":{"background-color":"var(--ast-global-color-4)","background-image":"","background-repeat":"repeat","background-position":"center center","background-size":"auto","background-attachment":"scroll","background-type":"","background-media":"","overlay-type":"","overlay-color":"","overlay-opacity":"","overlay-gradient":""},"mobile":{"background-color":"var(--ast-global-color-4)","background-image":"","background-repeat":"repeat","background-position":"center center","background-size":"auto","background-attachment":"scroll","background-type":"","background-media":"","overlay-type":"","overlay-color":"","overlay-opacity":"","overlay-gradient":""}},"footnotes":""},"class_list":["post-972","page","type-page","status-publish","hentry"],"_links":{"self":[{"href":"https:\/\/360vista.fr\/wp3\/wp-json\/wp\/v2\/pages\/972","targetHints":{"allow":["GET"]}}],"collection":[{"href":"https:\/\/360vista.fr\/wp3\/wp-json\/wp\/v2\/pages"}],"about":[{"href":"https:\/\/360vista.fr\/wp3\/wp-json\/wp\/v2\/types\/page"}],"author":[{"embeddable":true,"href":"https:\/\/360vista.fr\/wp3\/wp-json\/wp\/v2\/users\/1"}],"replies":[{"embeddable":true,"href":"https:\/\/360vista.fr\/wp3\/wp-json\/wp\/v2\/comments?post=972"}],"version-history":[{"count":5,"href":"https:\/\/360vista.fr\/wp3\/wp-json\/wp\/v2\/pages\/972\/revisions"}],"predecessor-version":[{"id":988,"href":"https:\/\/360vista.fr\/wp3\/wp-json\/wp\/v2\/pages\/972\/revisions\/988"}],"up":[{"embeddable":true,"href":"https:\/\/360vista.fr\/wp3\/wp-json\/wp\/v2\/pages\/505"}],"wp:attachment":[{"href":"https:\/\/360vista.fr\/wp3\/wp-json\/wp\/v2\/media?parent=972"}],"curies":[{"name":"wp","href":"https:\/\/api.w.org\/{rel}","templated":true}]}}