{"id":948,"date":"2014-02-13T14:55:36","date_gmt":"2014-02-13T13:55:36","guid":{"rendered":"http:\/\/360vista.fr\/wp3\/?page_id=948"},"modified":"2026-05-06T17:02:16","modified_gmt":"2026-05-06T15:02:16","slug":"la-pagode-de-chanteloup","status":"publish","type":"page","link":"https:\/\/360vista.fr\/wp3\/visite-virtuelle\/france-angers\/la-pagode-de-chanteloup\/","title":{"rendered":"la pagode de Chanteloup"},"content":{"rendered":"<p>En Touraine, \u00e0 quelques lieues d&rsquo;Ambroise, un lieu atypique \u00e0 d\u00e9couvrir.<\/p>\n<p><center><\/p>\n<div style=\"text-align:center; margin:0 auto;\"><iframe loading=\"lazy\" src=\"https:\/\/www.360vista.fr\/fra\/pagode.html\" width=\"1200\" height=\"600\" frameborder=\"0\" allowfullscreen><\/iframe><\/div>\n<p><\/br><br \/>\n<\/center><\/p>\n","protected":false},"excerpt":{"rendered":"<p>En Touraine, \u00e0 quelques lieues d&rsquo;Ambroise, un lieu atypique \u00e0 d\u00e9couvrir.<\/p>\n","protected":false},"author":1,"featured_media":0,"parent":496,"menu_order":0,"comment_status":"open","ping_status":"open","template":"","meta":{"site-sidebar-layout":"default","site-content-layout":"","ast-site-content-layout":"default","site-content-style":"default","site-sidebar-style":"default","ast-global-header-display":"","ast-banner-title-visibility":"","ast-main-header-display":"","ast-hfb-above-header-display":"","ast-hfb-below-header-display":"","ast-hfb-mobile-header-display":"","site-post-title":"","ast-breadcrumbs-content":"","ast-featured-img":"","footer-sml-layout":"","ast-disable-related-posts":"","theme-transparent-header-meta":"","adv-header-id-meta":"","stick-header-meta":"","header-above-stick-meta":"","header-main-stick-meta":"","header-below-stick-meta":"","astra-migrate-meta-layouts":"default","ast-page-background-enabled":"default","ast-page-background-meta":{"desktop":{"background-color":"var(--ast-global-color-5)","background-image":"","background-repeat":"repeat","background-position":"center center","background-size":"auto","background-attachment":"scroll","background-type":"","background-media":"","overlay-type":"","overlay-color":"","overlay-opacity":"","overlay-gradient":""},"tablet":{"background-color":"","background-image":"","background-repeat":"repeat","background-position":"center center","background-size":"auto","background-attachment":"scroll","background-type":"","background-media":"","overlay-type":"","overlay-color":"","overlay-opacity":"","overlay-gradient":""},"mobile":{"background-color":"","background-image":"","background-repeat":"repeat","background-position":"center center","background-size":"auto","background-attachment":"scroll","background-type":"","background-media":"","overlay-type":"","overlay-color":"","overlay-opacity":"","overlay-gradient":""}},"ast-content-background-meta":{"desktop":{"background-color":"var(--ast-global-color-4)","background-image":"","background-repeat":"repeat","background-position":"center center","background-size":"auto","background-attachment":"scroll","background-type":"","background-media":"","overlay-type":"","overlay-color":"","overlay-opacity":"","overlay-gradient":""},"tablet":{"background-color":"var(--ast-global-color-4)","background-image":"","background-repeat":"repeat","background-position":"center center","background-size":"auto","background-attachment":"scroll","background-type":"","background-media":"","overlay-type":"","overlay-color":"","overlay-opacity":"","overlay-gradient":""},"mobile":{"background-color":"var(--ast-global-color-4)","background-image":"","background-repeat":"repeat","background-position":"center center","background-size":"auto","background-attachment":"scroll","background-type":"","background-media":"","overlay-type":"","overlay-color":"","overlay-opacity":"","overlay-gradient":""}},"footnotes":""},"class_list":["post-948","page","type-page","status-publish","hentry"],"_links":{"self":[{"href":"https:\/\/360vista.fr\/wp3\/wp-json\/wp\/v2\/pages\/948","targetHints":{"allow":["GET"]}}],"collection":[{"href":"https:\/\/360vista.fr\/wp3\/wp-json\/wp\/v2\/pages"}],"about":[{"href":"https:\/\/360vista.fr\/wp3\/wp-json\/wp\/v2\/types\/page"}],"author":[{"embeddable":true,"href":"https:\/\/360vista.fr\/wp3\/wp-json\/wp\/v2\/users\/1"}],"replies":[{"embeddable":true,"href":"https:\/\/360vista.fr\/wp3\/wp-json\/wp\/v2\/comments?post=948"}],"version-history":[{"count":4,"href":"https:\/\/360vista.fr\/wp3\/wp-json\/wp\/v2\/pages\/948\/revisions"}],"predecessor-version":[{"id":3221,"href":"https:\/\/360vista.fr\/wp3\/wp-json\/wp\/v2\/pages\/948\/revisions\/3221"}],"up":[{"embeddable":true,"href":"https:\/\/360vista.fr\/wp3\/wp-json\/wp\/v2\/pages\/496"}],"wp:attachment":[{"href":"https:\/\/360vista.fr\/wp3\/wp-json\/wp\/v2\/media?parent=948"}],"curies":[{"name":"wp","href":"https:\/\/api.w.org\/{rel}","templated":true}]}}