{"id":3302,"date":"2026-05-08T17:16:23","date_gmt":"2026-05-08T15:16:23","guid":{"rendered":"https:\/\/360vista.fr\/wp3\/?page_id=3302"},"modified":"2026-05-08T17:16:23","modified_gmt":"2026-05-08T15:16:23","slug":"chine-beijing","status":"publish","type":"page","link":"https:\/\/360vista.fr\/wp3\/chine-beijing\/","title":{"rendered":"Chine &#8211; Beijing"},"content":{"rendered":"\n<center><\/center><center><span style=\"text-decoration: underline;\">La cit\u00e9 interdite<\/span><\/center>\n<div style=\"text-align: center; margin: 0 auto;\"><iframe loading=\"lazy\" src=\"https:\/\/www.360vista.fr\/asie\/chine\/beijing\/cite\/cite.html\" width=\"1024\" height=\"800\" frameborder=\"0\" allowfullscreen=\"allowfullscreen\"><\/iframe><\/div>\n<p>\u00a0<\/p>\n<p style=\"text-align: left;\">Ce qui dit Wiki:<\/p>\n<p style=\"text-align: justify;\">La <strong>Cit\u00e9 interdite<\/strong> (\u6545\u5bab\uff0c<em>palais historique<\/em>) \u00e9galement appel\u00e9 <strong>Mus\u00e9e du palais<\/strong> (\u6545\u5bab\u535a\u7269\u9986) est le palais imp\u00e9rial au sein de la <a title=\"Cit\u00e9 imp\u00e9riale\" href=\"http:\/\/fr.wikipedia.org\/wiki\/Cit%C3%A9_imp%C3%A9riale\">Cit\u00e9 imp\u00e9riale<\/a> de <a title=\"P\u00e9kin\" href=\"http:\/\/fr.wikipedia.org\/wiki\/P%C3%A9kin\">P\u00e9kin<\/a> dont la construction fut ordonn\u00e9e par <a title=\"Ming Yongle\" href=\"http:\/\/fr.wikipedia.org\/wiki\/Ming_Yongle\">Yongle<\/a>, troisi\u00e8me empereur <a title=\"Dynastie Ming\" href=\"http:\/\/fr.wikipedia.org\/wiki\/Dynastie_Ming\">Ming<\/a>, et r\u00e9alis\u00e9e entre <a title=\"1406\" href=\"http:\/\/fr.wikipedia.org\/wiki\/1406\">1406<\/a> et <a title=\"1420\" href=\"http:\/\/fr.wikipedia.org\/wiki\/1420\">1420<\/a>. Ce <a title=\"Palais\" href=\"http:\/\/fr.wikipedia.org\/wiki\/Palais\">palais<\/a>, d&rsquo;une envergure in\u00e9gal\u00e9e \u2014\u00a0il s&rsquo;\u00e9tend sur une superficie de 72 <a title=\"Hectare\" href=\"http:\/\/fr.wikipedia.org\/wiki\/Hectare\">ha<\/a>\u00a0\u2014 fait partie des palais les plus anciens et les mieux conserv\u00e9s de <a title=\"Chine\" href=\"http:\/\/fr.wikipedia.org\/wiki\/Chine\">Chine<\/a>. De nos jours, il est devenu un <a title=\"Mus\u00e9e\" href=\"http:\/\/fr.wikipedia.org\/wiki\/Mus%C3%A9e\">mus\u00e9e<\/a>, le Mus\u00e9e du Palais, qui conserve les tr\u00e9sors imp\u00e9riaux de la <a title=\"Civilisation chinoise\" href=\"http:\/\/fr.wikipedia.org\/wiki\/Civilisation_chinoise\">civilisation chinoise<\/a> ancienne et de tr\u00e8s nombreuses \u0153uvres d&rsquo;<a title=\"Art chinois\" href=\"http:\/\/fr.wikipedia.org\/wiki\/Art_chinois\">art chinois<\/a> de premi\u00e8re importance\u00a0: peintures, bronzes, c\u00e9ramiques, instruments de musique, laques, etc.<\/p>\n<p style=\"text-align: left;\">source:\u00a0<span style=\"text-decoration: underline;\"><span style=\"color: #3366ff;\"><a href=\"http:\/\/fr.wikipedia.org\/wiki\/Cit%C3%A9_interdite\" target=\"_blank\" rel=\"noopener\"><span style=\"color: #3366ff; text-decoration: underline;\">http:\/\/fr.wikipedia.org\/wiki\/Cit%C3%A9_interdite<\/span><\/a><\/span><\/span><\/p>\n<p style=\"text-align: center;\"><span style=\"text-decoration: underline;\">La grande muraille<\/span><\/p>\n<p>\u00a0<\/p>\n<div style=\"text-align: center; margin: 0 auto;\"><iframe loading=\"lazy\" src=\"https:\/\/www.360vista.fr\/asie\/chine\/gwall\/d_gwall.html\" width=\"700\" height=\"350\" frameborder=\"0\" allowfullscreen=\"allowfullscreen\"><\/iframe><\/div>\n<p>\u00a0<\/p>\n<p style=\"text-align: left;\">Ce que dit Wiki:<\/p>\n<p style=\"text-align: justify;\">La <strong>Grande Muraille<\/strong> (<a title=\"Sinogramme simplifi\u00e9\" href=\"http:\/\/fr.wikipedia.org\/wiki\/Sinogramme_simplifi%C3%A9\">chinois simplifi\u00e9<\/a>\u00a0: \u957f\u57ce\u00a0; <a title=\"Sinogramme traditionnel\" href=\"http:\/\/fr.wikipedia.org\/wiki\/Sinogramme_traditionnel\">chinois traditionnel<\/a>\u00a0: \u9577\u57ce\u00a0; <a title=\"Hanyu pinyin\" href=\"http:\/\/fr.wikipedia.org\/wiki\/Hanyu_pinyin\">pinyin<\/a>\u00a0: Ch\u00e1ngch\u00e9ng\u00a0; <a title=\"Romanisation Wade-Giles\" href=\"http:\/\/fr.wikipedia.org\/wiki\/Romanisation_Wade-Giles\">Wade<\/a>\u00a0: <em>Ch&rsquo;ang\u00b2ch&rsquo;eng\u00b2<\/em>\u00a0; litt\u00e9ralement \u00ab\u00a0la longue muraille\u00a0\u00bb) est un ensemble de fortifications militaires chinoises construites, d\u00e9truites et reconstruites en plusieurs fois et plusieurs endroits entre le III<sup>e<\/sup>\u00a0si\u00e8cle <abbr title=\"avant J\u00e9sus-Christ\">av.\u00a0J.-C.<\/abbr> et le XVII<sup>e<\/sup>\u00a0si\u00e8cle pour marquer et d\u00e9fendre la fronti\u00e8re nord de la <a title=\"Civilisation chinoise\" href=\"http:\/\/fr.wikipedia.org\/wiki\/Civilisation_chinoise\">Chine<\/a>. C&rsquo;est la structure architecturale la plus importante jamais construite par l\u2019homme \u00e0 la fois en longueur, en surface et en masse.<\/p>\n<p style=\"text-align: justify;\">source:\u00a0<a href=\"http:\/\/fr.wikipedia.org\/wiki\/Grande_muraille\" target=\"_blank\" rel=\"noopener\">http:\/\/fr.wikipedia.org\/wiki\/Grande_muraille<\/a><\/p>\n<p style=\"text-align: center;\"><span style=\"text-decoration: underline;\">Le temple des Lamas<\/span><\/p>\n<div style=\"text-align: center; margin: 0 auto;\"><iframe loading=\"lazy\" src=\"https:\/\/www.360vista.fr\/asie\/chine\/beijing\/lamas\/pek_lamas.html\" width=\"700\" height=\"350\" frameborder=\"0\" allowfullscreen=\"allowfullscreen\"><\/iframe><\/div>\n<p style=\"text-align: justify;\">Ce qui dit Wiki:<\/p>\n<p>Le <b>Temple de Yonghe<\/b> ou <b>Temple des Lamas<\/b> ou \u00ab\u00a0Lamaserie Yonghe\u00a0\u00bb ou <b>Yonghe Gong<\/b> (<a title=\"Langues chinoises\" href=\"https:\/\/fr.wikipedia.org\/wiki\/Langues_chinoises\">chinois<\/a>\u00a0: <span class=\"lang-zh\" lang=\"zh\"><a class=\"extiw\" title=\"wikt:\u96cd\" href=\"https:\/\/fr.wiktionary.org\/wiki\/%E9%9B%8D\">\u96cd<\/a><a class=\"extiw\" title=\"wikt:\u548c\" href=\"https:\/\/fr.wiktionary.org\/wiki\/%E5%92%8C\">\u548c<\/a><a class=\"extiw\" title=\"wikt:\u5bab\" href=\"https:\/\/fr.wiktionary.org\/wiki\/%E5%AE%AB\">\u5bab<\/a><\/span>\u00a0; <a title=\"Hanyu pinyin\" href=\"https:\/\/fr.wikipedia.org\/wiki\/Hanyu_pinyin\">pinyin<\/a>\u00a0: <span class=\"lang-zh-latn-pinyin\" lang=\"zh-latn-pinyin\">y\u014dngh\u00e9 g\u014dng<\/span>\u00a0; litt\u00e9ralement\u00a0: \u00ab\u00a0palais de la paix et de l&rsquo;harmonie\u00a0\u00bb) est un temple du <a title=\"Bouddhisme tib\u00e9tain\" href=\"https:\/\/fr.wikipedia.org\/wiki\/Bouddhisme_tib%C3%A9tain\">bouddhisme tib\u00e9tain<\/a> de <a title=\"P\u00e9kin\" href=\"https:\/\/fr.wikipedia.org\/wiki\/P%C3%A9kin\">P\u00e9kin<\/a> fond\u00e9 en <a title=\"1694\" href=\"https:\/\/fr.wikipedia.org\/wiki\/1694\">1694<\/a>, sous la <a title=\"Dynastie Qing\" href=\"https:\/\/fr.wikipedia.org\/wiki\/Dynastie_Qing\">Dynastie Qing<\/a>.<\/p>\n<p>Une des statues repr\u00e9sente un <a title=\"Bodhisattva\" href=\"https:\/\/fr.wikipedia.org\/wiki\/Bodhisattva\">bodhisattva<\/a> debout atteignant une hauteur de douze m\u00e8tres. Diff\u00e9rents b\u00e2timents abritent toutes les formes de <a title=\"Bouddha\" href=\"https:\/\/fr.wikipedia.org\/wiki\/Bouddha\">Bouddha<\/a> et <a title=\"Bodhisattva\" href=\"https:\/\/fr.wikipedia.org\/wiki\/Bodhisattva\">Bodhisattva<\/a> typiquement tib\u00e9taines. Ce site accueille \u00e9galement des expositions temporaires sur le bouddhisme tib\u00e9tain.<\/p>\n<p>Les c\u00e9r\u00e9monies religieuses tib\u00e9taines y sont toujours pratiqu\u00e9es par des moines tib\u00e9tains et <a class=\"mw-redirect\" title=\"Chinois Han\" href=\"https:\/\/fr.wikipedia.org\/wiki\/Chinois_Han\">han<\/a>.<\/p>\n<p>source: <a href=\"https:\/\/fr.wikipedia.org\/wiki\/Temple_de_Yonghe\" target=\"_blank\" rel=\"noopener\">https:\/\/fr.wikipedia.org\/wiki\/Temple_de_Yonghe<\/a><\/p>\n","protected":false},"excerpt":{"rendered":"<p>La cit\u00e9 interdite \u00a0 Ce qui dit Wiki: La Cit\u00e9 interdite (\u6545\u5bab\uff0cpalais historique) \u00e9galement appel\u00e9 Mus\u00e9e du palais (\u6545\u5bab\u535a\u7269\u9986) est [&hellip;]<\/p>\n","protected":false},"author":1,"featured_media":0,"parent":0,"menu_order":0,"comment_status":"closed","ping_status":"closed","template":"","meta":{"site-sidebar-layout":"default","site-content-layout":"","ast-site-content-layout":"default","site-content-style":"default","site-sidebar-style":"default","ast-global-header-display":"","ast-banner-title-visibility":"","ast-main-header-display":"","ast-hfb-above-header-display":"","ast-hfb-below-header-display":"","ast-hfb-mobile-header-display":"","site-post-title":"","ast-breadcrumbs-content":"","ast-featured-img":"","footer-sml-layout":"","ast-disable-related-posts":"","theme-transparent-header-meta":"","adv-header-id-meta":"","stick-header-meta":"","header-above-stick-meta":"","header-main-stick-meta":"","header-below-stick-meta":"","astra-migrate-meta-layouts":"default","ast-page-background-enabled":"default","ast-page-background-meta":{"desktop":{"background-color":"var(--ast-global-color-5)","background-image":"","background-repeat":"repeat","background-position":"center center","background-size":"auto","background-attachment":"scroll","background-type":"","background-media":"","overlay-type":"","overlay-color":"","overlay-opacity":"","overlay-gradient":""},"tablet":{"background-color":"","background-image":"","background-repeat":"repeat","background-position":"center center","background-size":"auto","background-attachment":"scroll","background-type":"","background-media":"","overlay-type":"","overlay-color":"","overlay-opacity":"","overlay-gradient":""},"mobile":{"background-color":"","background-image":"","background-repeat":"repeat","background-position":"center center","background-size":"auto","background-attachment":"scroll","background-type":"","background-media":"","overlay-type":"","overlay-color":"","overlay-opacity":"","overlay-gradient":""}},"ast-content-background-meta":{"desktop":{"background-color":"var(--ast-global-color-4)","background-image":"","background-repeat":"repeat","background-position":"center center","background-size":"auto","background-attachment":"scroll","background-type":"","background-media":"","overlay-type":"","overlay-color":"","overlay-opacity":"","overlay-gradient":""},"tablet":{"background-color":"var(--ast-global-color-4)","background-image":"","background-repeat":"repeat","background-position":"center center","background-size":"auto","background-attachment":"scroll","background-type":"","background-media":"","overlay-type":"","overlay-color":"","overlay-opacity":"","overlay-gradient":""},"mobile":{"background-color":"var(--ast-global-color-4)","background-image":"","background-repeat":"repeat","background-position":"center center","background-size":"auto","background-attachment":"scroll","background-type":"","background-media":"","overlay-type":"","overlay-color":"","overlay-opacity":"","overlay-gradient":""}},"footnotes":""},"class_list":["post-3302","page","type-page","status-publish","hentry"],"_links":{"self":[{"href":"https:\/\/360vista.fr\/wp3\/wp-json\/wp\/v2\/pages\/3302","targetHints":{"allow":["GET"]}}],"collection":[{"href":"https:\/\/360vista.fr\/wp3\/wp-json\/wp\/v2\/pages"}],"about":[{"href":"https:\/\/360vista.fr\/wp3\/wp-json\/wp\/v2\/types\/page"}],"author":[{"embeddable":true,"href":"https:\/\/360vista.fr\/wp3\/wp-json\/wp\/v2\/users\/1"}],"replies":[{"embeddable":true,"href":"https:\/\/360vista.fr\/wp3\/wp-json\/wp\/v2\/comments?post=3302"}],"version-history":[{"count":1,"href":"https:\/\/360vista.fr\/wp3\/wp-json\/wp\/v2\/pages\/3302\/revisions"}],"predecessor-version":[{"id":3303,"href":"https:\/\/360vista.fr\/wp3\/wp-json\/wp\/v2\/pages\/3302\/revisions\/3303"}],"wp:attachment":[{"href":"https:\/\/360vista.fr\/wp3\/wp-json\/wp\/v2\/media?parent=3302"}],"curies":[{"name":"wp","href":"https:\/\/api.w.org\/{rel}","templated":true}]}}