{"id":898,"date":"2013-12-07T21:52:39","date_gmt":"2013-12-07T20:52:39","guid":{"rendered":"http:\/\/360vista.fr\/wp3\/?page_id=898"},"modified":"2013-12-07T21:52:39","modified_gmt":"2013-12-07T20:52:39","slug":"telethon-2013","status":"publish","type":"page","link":"http:\/\/360vista.fr\/wp3\/visite-virtuelle\/france-angers\/telethon-2013\/","title":{"rendered":"T\u00e9l\u00e9thon 2013"},"content":{"rendered":"<p><strong>D\u00e9fi 24h pour le T\u00e9l\u00e9thon.<\/strong><\/p>\n<p>D\u00e9fi 24h \u00e0 l\u2019\u00e9tang St Nicolas \u00e0 Angers (Esplanade St Jacques)<\/p>\n<p>Objectif : 10 000 km, 1000 participants au profit du t\u00e9l\u00e9thon.<\/p>\n<p><center><br \/>\n\n<!-- PanoPress [1.3] -->\n<div class=\"pp-embed\" style=\"position:relative;\">\n<div id=\"pp_0\" style=\"width:800px; height:400px\"><img decoding=\"async\" src=\"http:\/\/www.360vista.fr\/angers\/telethon_banner.jpg\" style=\"width:800px; height:400px\"\/><p><\/p><\/div>\n<script type=\"text\/javascript\">panopress.embed({\"id\":\"pp_0\",\"type\":\"html\",\"version\":\"4.0\",\"viewer\":null,\"width\":\"800px\",\"height\":\"400px\",\"title\":null,\"alt\":null,\"button\":true,\"panobox\":true,\"preview\":\"http:\\\/\\\/www.360vista.fr\\\/angers\\\/telethon_banner.jpg\",\"file\":\"http:\\\/\\\/360vista.fr\\\/angers\\\/telethon.html\",\"params\":{\"base\":\"http:\\\/\\\/360vista.fr\\\/angers\\\/\"}})<\/script>\n<noscript><div class=\"pp-error-msg\"><strong>Error<\/strong><br\/>Javascript not activated<\/div><\/noscript>\n<\/div>\n<!-- \/PanoPress -->\n<br \/>\n<br \/><\/br><br \/>\n<\/center><\/p>\n","protected":false},"excerpt":{"rendered":"<p>D\u00e9fi 24h pour le T\u00e9l\u00e9thon. D\u00e9fi 24h \u00e0 l\u2019\u00e9tang St Nicolas \u00e0 Angers (Esplanade St Jacques) Objectif : 10 000 km, 1000 participants au profit du t\u00e9l\u00e9thon.<\/p>\n","protected":false},"author":1,"featured_media":0,"parent":496,"menu_order":0,"comment_status":"open","ping_status":"open","template":"","meta":{"footnotes":""},"_links":{"self":[{"href":"http:\/\/360vista.fr\/wp3\/wp-json\/wp\/v2\/pages\/898"}],"collection":[{"href":"http:\/\/360vista.fr\/wp3\/wp-json\/wp\/v2\/pages"}],"about":[{"href":"http:\/\/360vista.fr\/wp3\/wp-json\/wp\/v2\/types\/page"}],"author":[{"embeddable":true,"href":"http:\/\/360vista.fr\/wp3\/wp-json\/wp\/v2\/users\/1"}],"replies":[{"embeddable":true,"href":"http:\/\/360vista.fr\/wp3\/wp-json\/wp\/v2\/comments?post=898"}],"version-history":[{"count":1,"href":"http:\/\/360vista.fr\/wp3\/wp-json\/wp\/v2\/pages\/898\/revisions"}],"predecessor-version":[{"id":899,"href":"http:\/\/360vista.fr\/wp3\/wp-json\/wp\/v2\/pages\/898\/revisions\/899"}],"up":[{"embeddable":true,"href":"http:\/\/360vista.fr\/wp3\/wp-json\/wp\/v2\/pages\/496"}],"wp:attachment":[{"href":"http:\/\/360vista.fr\/wp3\/wp-json\/wp\/v2\/media?parent=898"}],"curies":[{"name":"wp","href":"https:\/\/api.w.org\/{rel}","templated":true}]}}