{"id":762,"date":"2013-06-08T15:27:16","date_gmt":"2013-06-08T13:27:16","guid":{"rendered":"http:\/\/360vista.fr\/wp3\/?page_id=762"},"modified":"2020-11-11T22:25:31","modified_gmt":"2020-11-11T21:25:31","slug":"immobilier","status":"publish","type":"page","link":"http:\/\/360vista.fr\/wp3\/visite-virtuelle\/realisation\/immobilier\/","title":{"rendered":"Immobilier"},"content":{"rendered":"<p>La visite virtuelle peut \u00e9galement vous aider \u00e0 vendre votre bien immobilier.<br>\nDans un premier temps, elle permet de filtrer les curieux; vous envoyer le lien et l&rsquo;acheteur potentiel se fait une id\u00e9e.<br>\nDans un deuxi\u00e8me temps, l&rsquo;acheteur peut r\u00e9viser \u00e0 loisir votre bien; le pr\u00e9senter \u00e0 sa famille et ses amis.<br>\nInd\u00e9niablement mieux que des photos prises \u00e0 la va-vite avec un t\u00e9l\u00e9phone portable!.<\/p>\n<p style=\"text-align: center;\"><strong>Maison<\/strong><\/p>\n<p style=\"text-align: center;\">\n<!-- PanoPress [1.3] -->\n<div class=\"pp-embed\" style=\"position:relative;\">\n<div id=\"pp_0\" style=\"width:700px; height:350px\"><img decoding=\"async\" src=\"http:\/\/www.360vista.fr\/pro\/immo\/cdm\/cdm_banner.jpg\" style=\"width:700px; height:350px\"\/><p><\/p><\/div>\n<script type=\"text\/javascript\">panopress.embed({\"id\":\"pp_0\",\"type\":\"html\",\"version\":\"4.0\",\"viewer\":null,\"width\":\"700px\",\"height\":\"350px\",\"title\":null,\"alt\":null,\"button\":true,\"panobox\":true,\"preview\":\"http:\\\/\\\/www.360vista.fr\\\/pro\\\/immo\\\/cdm\\\/cdm_banner.jpg\",\"file\":\"http:\\\/\\\/www.360vista.fr\\\/pro\\\/immo\\\/cdm\\\/cdm.html\",\"params\":{\"base\":\"http:\\\/\\\/www.360vista.fr\\\/pro\\\/immo\\\/cdm\\\/\"}})<\/script>\n<noscript><div class=\"pp-error-msg\"><strong>Error<\/strong><br\/>Javascript not activated<\/div><\/noscript>\n<\/div>\n<!-- \/PanoPress -->\n<\/p>\n<p style=\"text-align: center;\"><strong>Duplex<\/strong><\/p>\n<p style=\"text-align: center;\">\n<!-- PanoPress [1.3] -->\n<div class=\"pp-embed\" style=\"position:relative;\">\n<div id=\"pp_1\" style=\"width:700px; height:350px\"><img decoding=\"async\" src=\"http:\/\/www.360vista.fr\/pro\/immo\/appartd\/appart_d_banner.jpg\" style=\"width:700px; height:350px\"\/><p><\/p><\/div>\n<script type=\"text\/javascript\">panopress.embed({\"id\":\"pp_1\",\"type\":\"html\",\"version\":\"4.0\",\"viewer\":null,\"width\":\"700px\",\"height\":\"350px\",\"title\":null,\"alt\":null,\"button\":true,\"panobox\":true,\"preview\":\"http:\\\/\\\/www.360vista.fr\\\/pro\\\/immo\\\/appartd\\\/appart_d_banner.jpg\",\"file\":\"http:\\\/\\\/www.360vista.fr\\\/pro\\\/immo\\\/appartd\\\/appart_d.html\",\"params\":{\"base\":\"http:\\\/\\\/www.360vista.fr\\\/pro\\\/immo\\\/appartd\\\/\"}})<\/script>\n<noscript><div class=\"pp-error-msg\"><strong>Error<\/strong><br\/>Javascript not activated<\/div><\/noscript>\n<\/div>\n<!-- \/PanoPress -->\n<\/p>\n\n\n<p><\/p>\n\n\n\n<p><\/p>\n\n\n\n<p><\/p>\n\n\n\n<p><\/p>\n\n\n\n<p><\/p>\n","protected":false},"excerpt":{"rendered":"<p>La visite virtuelle peut \u00e9galement vous aider \u00e0 vendre votre bien immobilier. Dans un premier temps, elle permet de filtrer les curieux; vous envoyer le lien et l&rsquo;acheteur potentiel se fait une id\u00e9e. Dans un deuxi\u00e8me temps, l&rsquo;acheteur peut r\u00e9viser \u00e0 loisir votre bien; le pr\u00e9senter \u00e0 sa famille et ses amis. Ind\u00e9niablement mieux que [&hellip;]<\/p>\n","protected":false},"author":1,"featured_media":0,"parent":494,"menu_order":0,"comment_status":"open","ping_status":"open","template":"","meta":{"footnotes":""},"_links":{"self":[{"href":"http:\/\/360vista.fr\/wp3\/wp-json\/wp\/v2\/pages\/762"}],"collection":[{"href":"http:\/\/360vista.fr\/wp3\/wp-json\/wp\/v2\/pages"}],"about":[{"href":"http:\/\/360vista.fr\/wp3\/wp-json\/wp\/v2\/types\/page"}],"author":[{"embeddable":true,"href":"http:\/\/360vista.fr\/wp3\/wp-json\/wp\/v2\/users\/1"}],"replies":[{"embeddable":true,"href":"http:\/\/360vista.fr\/wp3\/wp-json\/wp\/v2\/comments?post=762"}],"version-history":[{"count":11,"href":"http:\/\/360vista.fr\/wp3\/wp-json\/wp\/v2\/pages\/762\/revisions"}],"predecessor-version":[{"id":2701,"href":"http:\/\/360vista.fr\/wp3\/wp-json\/wp\/v2\/pages\/762\/revisions\/2701"}],"up":[{"embeddable":true,"href":"http:\/\/360vista.fr\/wp3\/wp-json\/wp\/v2\/pages\/494"}],"wp:attachment":[{"href":"http:\/\/360vista.fr\/wp3\/wp-json\/wp\/v2\/media?parent=762"}],"curies":[{"name":"wp","href":"https:\/\/api.w.org\/{rel}","templated":true}]}}