{"id":2736,"date":"2021-02-15T14:45:24","date_gmt":"2021-02-15T13:45:24","guid":{"rendered":"http:\/\/360vista.fr\/wp3\/?page_id=2736"},"modified":"2021-02-15T14:54:23","modified_gmt":"2021-02-15T13:54:23","slug":"plongee","status":"publish","type":"page","link":"http:\/\/360vista.fr\/wp3\/videos-timelapses\/plongee\/","title":{"rendered":"Plong\u00e9es"},"content":{"rendered":"\n<p>Quelques vid\u00e9os essentiellement faites dans les carri\u00e8res d&rsquo;ardoises \u00e0 Tr\u00e9laz\u00e9 (49).<\/p>\n\n\n\n<p>Carri\u00e8re de l&rsquo;Aubini\u00e8re, Tr\u00e9laz\u00e9 (49)<\/p>\n\n\n\n<figure class=\"wp-block-embed is-type-video is-provider-youtube wp-block-embed-youtube wp-embed-aspect-16-9 wp-has-aspect-ratio\"><div class=\"wp-block-embed__wrapper\">\n<iframe loading=\"lazy\" title=\"Plonge\u0301e Aubinie\u0300re 24092020\" width=\"625\" height=\"352\" src=\"https:\/\/www.youtube.com\/embed\/r5Kj43cCHcs?feature=oembed\" frameborder=\"0\" allow=\"accelerometer; autoplay; clipboard-write; encrypted-media; gyroscope; picture-in-picture\" allowfullscreen><\/iframe>\n<\/div><\/figure>\n\n\n\n<p><\/p>\n\n\n\n<p>Epave de l&rsquo;Amoco Cadiz, Land\u00e9da (29)<\/p>\n\n\n\n<figure class=\"wp-block-embed is-type-video is-provider-youtube wp-block-embed-youtube wp-embed-aspect-16-9 wp-has-aspect-ratio\"><div class=\"wp-block-embed__wrapper\">\n<iframe loading=\"lazy\" title=\"Plong\u00e9e Amoco Cadiz\" width=\"625\" height=\"352\" src=\"https:\/\/www.youtube.com\/embed\/J6ZT-Xb98Kk?feature=oembed\" frameborder=\"0\" allow=\"accelerometer; autoplay; clipboard-write; encrypted-media; gyroscope; picture-in-picture\" allowfullscreen><\/iframe>\n<\/div><\/figure>\n\n\n\n<p>Carri\u00e8re des Fresnais, Tr\u00e9laz\u00e9 (49)<\/p>\n\n\n\n<p>utilisation d&rsquo;une cam\u00e9ra \u00e0 360\u00b0 (insta 360 One x)<\/p>\n\n\n\n<figure class=\"wp-block-embed is-type-video is-provider-youtube wp-block-embed-youtube wp-embed-aspect-16-9 wp-has-aspect-ratio\"><div class=\"wp-block-embed__wrapper\">\n<iframe loading=\"lazy\" title=\"Plong\u00e9e Les Fresnais (insta360) 23 Juillet 2020\" width=\"625\" height=\"352\" src=\"https:\/\/www.youtube.com\/embed\/4PJjgtc943w?feature=oembed\" frameborder=\"0\" allow=\"accelerometer; autoplay; clipboard-write; encrypted-media; gyroscope; picture-in-picture\" allowfullscreen><\/iframe>\n<\/div><\/figure>\n\n\n\n<p><\/p>\n\n\n\n<p>Epave du Fetlar, Saint Malo (35)<\/p>\n\n\n\n<figure class=\"wp-block-embed is-type-video is-provider-youtube wp-block-embed-youtube wp-embed-aspect-16-9 wp-has-aspect-ratio\"><div class=\"wp-block-embed__wrapper\">\n<iframe loading=\"lazy\" title=\"Plong\u00e9e Fetlar\" width=\"625\" height=\"352\" src=\"https:\/\/www.youtube.com\/embed\/4tXJJYJM_ho?feature=oembed\" frameborder=\"0\" allow=\"accelerometer; autoplay; clipboard-write; encrypted-media; gyroscope; picture-in-picture\" allowfullscreen><\/iframe>\n<\/div><\/figure>\n\n\n\n<p><\/p>\n\n\n\n<p>Epave le Nahoon, Les 3 \u00eelets (972 &#8211; Martinique)<\/p>\n\n\n\n<p>Plong\u00e9e avec Didier, d&rsquo;Attitude Plong\u00e9e, une valeur s\u00fbre!<\/p>\n\n\n\n<figure class=\"wp-block-embed is-type-video is-provider-youtube wp-block-embed-youtube wp-embed-aspect-16-9 wp-has-aspect-ratio\"><div class=\"wp-block-embed__wrapper\">\n<iframe loading=\"lazy\" title=\"Le Nahoon\" width=\"625\" height=\"352\" src=\"https:\/\/www.youtube.com\/embed\/SoJsOPyu-g8?feature=oembed\" frameborder=\"0\" allow=\"accelerometer; autoplay; clipboard-write; encrypted-media; gyroscope; picture-in-picture\" allowfullscreen><\/iframe>\n<\/div><\/figure>\n","protected":false},"excerpt":{"rendered":"<p>Quelques vid\u00e9os essentiellement faites dans les carri\u00e8res d&rsquo;ardoises \u00e0 Tr\u00e9laz\u00e9 (49). Carri\u00e8re de l&rsquo;Aubini\u00e8re, Tr\u00e9laz\u00e9 (49) Epave de l&rsquo;Amoco Cadiz, Land\u00e9da (29) Carri\u00e8re des Fresnais, Tr\u00e9laz\u00e9 (49) utilisation d&rsquo;une cam\u00e9ra \u00e0 360\u00b0 (insta 360 One x) Epave du Fetlar, Saint Malo (35) Epave le Nahoon, Les 3 \u00eelets (972 &#8211; Martinique) Plong\u00e9e avec Didier, d&rsquo;Attitude [&hellip;]<\/p>\n","protected":false},"author":1,"featured_media":0,"parent":27,"menu_order":0,"comment_status":"closed","ping_status":"closed","template":"","meta":{"footnotes":""},"_links":{"self":[{"href":"http:\/\/360vista.fr\/wp3\/wp-json\/wp\/v2\/pages\/2736"}],"collection":[{"href":"http:\/\/360vista.fr\/wp3\/wp-json\/wp\/v2\/pages"}],"about":[{"href":"http:\/\/360vista.fr\/wp3\/wp-json\/wp\/v2\/types\/page"}],"author":[{"embeddable":true,"href":"http:\/\/360vista.fr\/wp3\/wp-json\/wp\/v2\/users\/1"}],"replies":[{"embeddable":true,"href":"http:\/\/360vista.fr\/wp3\/wp-json\/wp\/v2\/comments?post=2736"}],"version-history":[{"count":7,"href":"http:\/\/360vista.fr\/wp3\/wp-json\/wp\/v2\/pages\/2736\/revisions"}],"predecessor-version":[{"id":2745,"href":"http:\/\/360vista.fr\/wp3\/wp-json\/wp\/v2\/pages\/2736\/revisions\/2745"}],"up":[{"embeddable":true,"href":"http:\/\/360vista.fr\/wp3\/wp-json\/wp\/v2\/pages\/27"}],"wp:attachment":[{"href":"http:\/\/360vista.fr\/wp3\/wp-json\/wp\/v2\/media?parent=2736"}],"curies":[{"name":"wp","href":"https:\/\/api.w.org\/{rel}","templated":true}]}}