{"id":27,"date":"2012-11-07T21:58:50","date_gmt":"2012-11-07T20:58:50","guid":{"rendered":"http:\/\/360vista.fr\/wp3\/?page_id=27"},"modified":"2015-06-12T18:35:52","modified_gmt":"2015-06-12T16:35:52","slug":"videos-timelapses","status":"publish","type":"page","link":"http:\/\/360vista.fr\/wp3\/videos-timelapses\/","title":{"rendered":"Timelapses &#038; vid\u00e9os"},"content":{"rendered":"<p>Je m&rsquo;essaie \u00e9galement \u00e0 la vid\u00e9o &amp; au timelapses.<\/p>\n<p>Je vous invite \u00e0 d\u00e9couvrir mes vid\u00e9os sur <span style=\"color: #3366ff;\"><a href=\"http:\/\/www.youtube.com\/channel\/UC9nFn6eT3eZteToxJ4QOMOA\" target=\"_blank\"><span style=\"color: #3366ff;\">ma chaine YouTube<\/span><\/a><\/span>.<\/p>\n<p>Voici un exemple de Timelapse r\u00e9alis\u00e9 \u00e0 Tokyo:<\/p>\n<p><iframe loading=\"lazy\" src=\"http:\/\/www.youtube.com\/embed\/aU5YI9YCDXo?rel=0\" width=\"640\" height=\"360\" frameborder=\"0\"><\/iframe><\/p>\n<p>&nbsp;<\/p>\n<p>Voeux 2013<\/p>\n<p><iframe loading=\"lazy\" src=\"http:\/\/www.youtube.com\/embed\/QZ2c3SMu_gk\" width=\"640\" height=\"360\" frameborder=\"0\" allowfullscreen=\"allowfullscreen\"><\/iframe><\/p>\n","protected":false},"excerpt":{"rendered":"<p>Je m&rsquo;essaie \u00e9galement \u00e0 la vid\u00e9o &amp; au timelapses. Je vous invite \u00e0 d\u00e9couvrir mes vid\u00e9os sur ma chaine YouTube. Voici un exemple de Timelapse r\u00e9alis\u00e9 \u00e0 Tokyo: &nbsp; Voeux 2013<\/p>\n","protected":false},"author":1,"featured_media":0,"parent":0,"menu_order":5,"comment_status":"open","ping_status":"closed","template":"","meta":{"footnotes":""},"_links":{"self":[{"href":"http:\/\/360vista.fr\/wp3\/wp-json\/wp\/v2\/pages\/27"}],"collection":[{"href":"http:\/\/360vista.fr\/wp3\/wp-json\/wp\/v2\/pages"}],"about":[{"href":"http:\/\/360vista.fr\/wp3\/wp-json\/wp\/v2\/types\/page"}],"author":[{"embeddable":true,"href":"http:\/\/360vista.fr\/wp3\/wp-json\/wp\/v2\/users\/1"}],"replies":[{"embeddable":true,"href":"http:\/\/360vista.fr\/wp3\/wp-json\/wp\/v2\/comments?post=27"}],"version-history":[{"count":19,"href":"http:\/\/360vista.fr\/wp3\/wp-json\/wp\/v2\/pages\/27\/revisions"}],"predecessor-version":[{"id":1336,"href":"http:\/\/360vista.fr\/wp3\/wp-json\/wp\/v2\/pages\/27\/revisions\/1336"}],"wp:attachment":[{"href":"http:\/\/360vista.fr\/wp3\/wp-json\/wp\/v2\/media?parent=27"}],"curies":[{"name":"wp","href":"https:\/\/api.w.org\/{rel}","templated":true}]}}