{"id":2678,"date":"2020-09-14T15:49:31","date_gmt":"2020-09-14T13:49:31","guid":{"rendered":"http:\/\/360vista.fr\/wp3\/?page_id=2678"},"modified":"2020-09-14T15:49:33","modified_gmt":"2020-09-14T13:49:33","slug":"lac-de-roselend","status":"publish","type":"page","link":"http:\/\/360vista.fr\/wp3\/visite-virtuelle\/france-angers\/lac-de-roselend\/","title":{"rendered":"Lac de Roselend"},"content":{"rendered":"\n<div class=\"wp-block-image is-style-rounded\"><figure class=\"aligncenter size-large\"><a href=\"http:\/\/www.360vista.fr\/fra\/roselend.html\"><img loading=\"lazy\" decoding=\"async\" width=\"750\" height=\"375\" src=\"http:\/\/360vista.fr\/wp3\/wp-content\/uploads\/2020\/09\/chapelle_banner.jpg\" alt=\"\" class=\"wp-image-2679\" srcset=\"http:\/\/360vista.fr\/wp3\/wp-content\/uploads\/2020\/09\/chapelle_banner.jpg 750w, http:\/\/360vista.fr\/wp3\/wp-content\/uploads\/2020\/09\/chapelle_banner-300x150.jpg 300w, http:\/\/360vista.fr\/wp3\/wp-content\/uploads\/2020\/09\/chapelle_banner-624x312.jpg 624w\" sizes=\"(max-width: 750px) 100vw, 750px\" \/><\/a><figcaption>cliquer sur la photo ci-dessus pour d\u00e9marrer la visite virtuelle<\/figcaption><\/figure><\/div>\n\n\n\n<p>Les visites a\u00e9riennes ont \u00e9t\u00e9 r\u00e9alis\u00e9 avec un Mavic Pro.<\/p>\n\n\n\n<p>Les visites au phare d&rsquo;Eckm\u00fchl ainsi qu&rsquo;au port du Guilvinec avec une insta360<\/p>\n","protected":false},"excerpt":{"rendered":"<p>Les visites a\u00e9riennes ont \u00e9t\u00e9 r\u00e9alis\u00e9 avec un Mavic Pro. Les visites au phare d&rsquo;Eckm\u00fchl ainsi qu&rsquo;au port du Guilvinec avec une insta360<\/p>\n","protected":false},"author":1,"featured_media":0,"parent":496,"menu_order":0,"comment_status":"closed","ping_status":"closed","template":"","meta":{"footnotes":""},"_links":{"self":[{"href":"http:\/\/360vista.fr\/wp3\/wp-json\/wp\/v2\/pages\/2678"}],"collection":[{"href":"http:\/\/360vista.fr\/wp3\/wp-json\/wp\/v2\/pages"}],"about":[{"href":"http:\/\/360vista.fr\/wp3\/wp-json\/wp\/v2\/types\/page"}],"author":[{"embeddable":true,"href":"http:\/\/360vista.fr\/wp3\/wp-json\/wp\/v2\/users\/1"}],"replies":[{"embeddable":true,"href":"http:\/\/360vista.fr\/wp3\/wp-json\/wp\/v2\/comments?post=2678"}],"version-history":[{"count":3,"href":"http:\/\/360vista.fr\/wp3\/wp-json\/wp\/v2\/pages\/2678\/revisions"}],"predecessor-version":[{"id":2682,"href":"http:\/\/360vista.fr\/wp3\/wp-json\/wp\/v2\/pages\/2678\/revisions\/2682"}],"up":[{"embeddable":true,"href":"http:\/\/360vista.fr\/wp3\/wp-json\/wp\/v2\/pages\/496"}],"wp:attachment":[{"href":"http:\/\/360vista.fr\/wp3\/wp-json\/wp\/v2\/media?parent=2678"}],"curies":[{"name":"wp","href":"https:\/\/api.w.org\/{rel}","templated":true}]}}