{"id":2383,"date":"2018-07-15T13:52:23","date_gmt":"2018-07-15T11:52:23","guid":{"rendered":"http:\/\/360vista.fr\/wp3\/?page_id=2383"},"modified":"2018-07-15T13:52:23","modified_gmt":"2018-07-15T11:52:23","slug":"la-cueillette-du-clos-fremur-juillet-2018","status":"publish","type":"page","link":"http:\/\/360vista.fr\/wp3\/visite-virtuelle\/france-angers\/la-cueillette-du-clos-fremur-juillet-2018\/","title":{"rendered":"La Cueillette du Clos Fr\u00e9mur (Juillet 2018)"},"content":{"rendered":"<p>Nouvelle visite virtuelle de la Cueillette du Clos Fr\u00e9mur;<br \/>\nla visite au drone est toujours r\u00e9alis\u00e9e avec le Mavic Pro.<br \/>\nEn revanche, au sol, premi\u00e8res visites faites avec la Xiaomi Mi Sphere.<\/p>\n<p style=\"text-align: center;\">\n\n<!-- PanoPress [1.3] -->\n<div class=\"pp-embed\" style=\"position:relative;\">\n<div id=\"pp_0\" style=\"width:750px; height:375px\"><img decoding=\"async\" src=\"http:\/\/www.360vista.fr\/angers\/clos2_banner.jpg\" style=\"width:750px; height:375px\"\/><p><\/p><\/div>\n<script type=\"text\/javascript\">panopress.embed({\"id\":\"pp_0\",\"type\":\"html\",\"version\":\"4.0\",\"viewer\":null,\"width\":\"750px\",\"height\":\"375px\",\"title\":null,\"alt\":null,\"button\":true,\"panobox\":true,\"preview\":\"http:\\\/\\\/www.360vista.fr\\\/angers\\\/clos2_banner.jpg\",\"file\":\"http:\\\/\\\/www.360vista.fr\\\/angers\\\/jardin_clos.html\",\"params\":{\"base\":\"http:\\\/\\\/www.360vista.fr\\\/angers\\\/\"}})<\/script>\n<noscript><div class=\"pp-error-msg\"><strong>Error<\/strong><br\/>Javascript not activated<\/div><\/noscript>\n<\/div>\n<!-- \/PanoPress -->\n<\/p>\n","protected":false},"excerpt":{"rendered":"<p>Nouvelle visite virtuelle de la Cueillette du Clos Fr\u00e9mur; la visite au drone est toujours r\u00e9alis\u00e9e avec le Mavic Pro. En revanche, au sol, premi\u00e8res visites faites avec la Xiaomi Mi Sphere.<\/p>\n","protected":false},"author":1,"featured_media":0,"parent":496,"menu_order":0,"comment_status":"closed","ping_status":"closed","template":"","meta":{"footnotes":""},"_links":{"self":[{"href":"http:\/\/360vista.fr\/wp3\/wp-json\/wp\/v2\/pages\/2383"}],"collection":[{"href":"http:\/\/360vista.fr\/wp3\/wp-json\/wp\/v2\/pages"}],"about":[{"href":"http:\/\/360vista.fr\/wp3\/wp-json\/wp\/v2\/types\/page"}],"author":[{"embeddable":true,"href":"http:\/\/360vista.fr\/wp3\/wp-json\/wp\/v2\/users\/1"}],"replies":[{"embeddable":true,"href":"http:\/\/360vista.fr\/wp3\/wp-json\/wp\/v2\/comments?post=2383"}],"version-history":[{"count":1,"href":"http:\/\/360vista.fr\/wp3\/wp-json\/wp\/v2\/pages\/2383\/revisions"}],"predecessor-version":[{"id":2384,"href":"http:\/\/360vista.fr\/wp3\/wp-json\/wp\/v2\/pages\/2383\/revisions\/2384"}],"up":[{"embeddable":true,"href":"http:\/\/360vista.fr\/wp3\/wp-json\/wp\/v2\/pages\/496"}],"wp:attachment":[{"href":"http:\/\/360vista.fr\/wp3\/wp-json\/wp\/v2\/media?parent=2383"}],"curies":[{"name":"wp","href":"https:\/\/api.w.org\/{rel}","templated":true}]}}