{"id":2373,"date":"2017-11-23T11:50:44","date_gmt":"2017-11-23T10:50:44","guid":{"rendered":"http:\/\/360vista.fr\/wp3\/?page_id=2373"},"modified":"2017-11-23T13:33:49","modified_gmt":"2017-11-23T12:33:49","slug":"la-loire","status":"publish","type":"page","link":"http:\/\/360vista.fr\/wp3\/visite-virtuelle\/france-angers\/la-loire\/","title":{"rendered":"La Loire"},"content":{"rendered":"<p>Petite balade au dessus de la Loire, depuis la M\u00e9nitr\u00e9 jusqu&rsquo;\u00e0 la Pointe \u00e0 Bouchemaine. <\/p>\n<p style=\"text-align: center;\">\n\n<!-- PanoPress [1.3] -->\n<div class=\"pp-embed\" style=\"position:relative;\">\n<div id=\"pp_0\" style=\"width:750px; height:375px\"><img decoding=\"async\" src=\"http:\/\/www.360vista.fr\/fra\/loire_banner.jpg\" style=\"width:750px; height:375px\"\/><p><\/p><\/div>\n<script type=\"text\/javascript\">panopress.embed({\"id\":\"pp_0\",\"type\":\"html\",\"version\":\"4.0\",\"viewer\":null,\"width\":\"750px\",\"height\":\"375px\",\"title\":null,\"alt\":null,\"button\":true,\"panobox\":true,\"preview\":\"http:\\\/\\\/www.360vista.fr\\\/fra\\\/loire_banner.jpg\",\"file\":\"http:\\\/\\\/www.360vista.fr\\\/fra\\\/loire.html\",\"params\":{\"base\":\"http:\\\/\\\/www.360vista.fr\\\/fra\\\/\"}})<\/script>\n<noscript><div class=\"pp-error-msg\"><strong>Error<\/strong><br\/>Javascript not activated<\/div><\/noscript>\n<\/div>\n<!-- \/PanoPress -->\n<\/p>\n","protected":false},"excerpt":{"rendered":"<p>Petite balade au dessus de la Loire, depuis la M\u00e9nitr\u00e9 jusqu&rsquo;\u00e0 la Pointe \u00e0 Bouchemaine.<\/p>\n","protected":false},"author":1,"featured_media":0,"parent":496,"menu_order":0,"comment_status":"closed","ping_status":"closed","template":"","meta":{"footnotes":""},"_links":{"self":[{"href":"http:\/\/360vista.fr\/wp3\/wp-json\/wp\/v2\/pages\/2373"}],"collection":[{"href":"http:\/\/360vista.fr\/wp3\/wp-json\/wp\/v2\/pages"}],"about":[{"href":"http:\/\/360vista.fr\/wp3\/wp-json\/wp\/v2\/types\/page"}],"author":[{"embeddable":true,"href":"http:\/\/360vista.fr\/wp3\/wp-json\/wp\/v2\/users\/1"}],"replies":[{"embeddable":true,"href":"http:\/\/360vista.fr\/wp3\/wp-json\/wp\/v2\/comments?post=2373"}],"version-history":[{"count":3,"href":"http:\/\/360vista.fr\/wp3\/wp-json\/wp\/v2\/pages\/2373\/revisions"}],"predecessor-version":[{"id":2376,"href":"http:\/\/360vista.fr\/wp3\/wp-json\/wp\/v2\/pages\/2373\/revisions\/2376"}],"up":[{"embeddable":true,"href":"http:\/\/360vista.fr\/wp3\/wp-json\/wp\/v2\/pages\/496"}],"wp:attachment":[{"href":"http:\/\/360vista.fr\/wp3\/wp-json\/wp\/v2\/media?parent=2373"}],"curies":[{"name":"wp","href":"https:\/\/api.w.org\/{rel}","templated":true}]}}