{"id":2334,"date":"2017-09-05T20:42:08","date_gmt":"2017-09-05T18:42:08","guid":{"rendered":"http:\/\/360vista.fr\/wp3\/?page_id=2334"},"modified":"2017-09-05T20:44:33","modified_gmt":"2017-09-05T18:44:33","slug":"musee-des-blindes-saumur-49","status":"publish","type":"page","link":"http:\/\/360vista.fr\/wp3\/visite-virtuelle\/france-angers\/musee-des-blindes-saumur-49\/","title":{"rendered":"Mus\u00e9e des blind\u00e9s &#8211; Saumur (49)"},"content":{"rendered":"<p>Si vous passez \u00e0 Saumur, la visite du <a href=\"http:\/\/www.museedesblindes.fr\" target=\"_blank\" rel=\"noopener noreferrer\">mus\u00e9e des Blind\u00e9s<\/a> s&rsquo;impose.<\/p>\n<p>Collection extr\u00eamement riche comme vous pouvez le voir avec cette visite virtuelle.<\/p>\n<p style=\"text-align: center;\">\n<!-- PanoPress [1.3] -->\n<div class=\"pp-embed\" style=\"position:relative;\">\n<div id=\"pp_0\" style=\"width:750px; height:375px\"><img decoding=\"async\" src=\"http:\/\/www.360vista.fr\/fra\/tank_banner.jpg\" style=\"width:750px; height:375px\"\/><p><\/p><\/div>\n<script type=\"text\/javascript\">panopress.embed({\"id\":\"pp_0\",\"type\":\"html\",\"version\":\"4.0\",\"viewer\":null,\"width\":\"750px\",\"height\":\"375px\",\"title\":null,\"alt\":null,\"button\":true,\"panobox\":true,\"preview\":\"http:\\\/\\\/www.360vista.fr\\\/fra\\\/tank_banner.jpg\",\"file\":\"http:\\\/\\\/www.360vista.fr\\\/fra\\\/blindes.html\",\"params\":{\"base\":\"http:\\\/\\\/www.360vista.fr\\\/fra\\\/\"}})<\/script>\n<noscript><div class=\"pp-error-msg\"><strong>Error<\/strong><br\/>Javascript not activated<\/div><\/noscript>\n<\/div>\n<!-- \/PanoPress -->\n<\/p>\n<p style=\"text-align: left;\">&nbsp;<\/p>\n","protected":false},"excerpt":{"rendered":"<p>Si vous passez \u00e0 Saumur, la visite du mus\u00e9e des Blind\u00e9s s&rsquo;impose. Collection extr\u00eamement riche comme vous pouvez le voir avec cette visite virtuelle. &nbsp;<\/p>\n","protected":false},"author":1,"featured_media":0,"parent":496,"menu_order":0,"comment_status":"closed","ping_status":"closed","template":"","meta":{"footnotes":""},"_links":{"self":[{"href":"http:\/\/360vista.fr\/wp3\/wp-json\/wp\/v2\/pages\/2334"}],"collection":[{"href":"http:\/\/360vista.fr\/wp3\/wp-json\/wp\/v2\/pages"}],"about":[{"href":"http:\/\/360vista.fr\/wp3\/wp-json\/wp\/v2\/types\/page"}],"author":[{"embeddable":true,"href":"http:\/\/360vista.fr\/wp3\/wp-json\/wp\/v2\/users\/1"}],"replies":[{"embeddable":true,"href":"http:\/\/360vista.fr\/wp3\/wp-json\/wp\/v2\/comments?post=2334"}],"version-history":[{"count":5,"href":"http:\/\/360vista.fr\/wp3\/wp-json\/wp\/v2\/pages\/2334\/revisions"}],"predecessor-version":[{"id":2339,"href":"http:\/\/360vista.fr\/wp3\/wp-json\/wp\/v2\/pages\/2334\/revisions\/2339"}],"up":[{"embeddable":true,"href":"http:\/\/360vista.fr\/wp3\/wp-json\/wp\/v2\/pages\/496"}],"wp:attachment":[{"href":"http:\/\/360vista.fr\/wp3\/wp-json\/wp\/v2\/media?parent=2334"}],"curies":[{"name":"wp","href":"https:\/\/api.w.org\/{rel}","templated":true}]}}