{"id":1477,"date":"2016-01-30T23:38:20","date_gmt":"2016-01-30T22:38:20","guid":{"rendered":"http:\/\/360vista.fr\/wp3\/?page_id=1477"},"modified":"2016-01-30T23:38:20","modified_gmt":"2016-01-30T22:38:20","slug":"tokyo-filature-de-soie-de-tomioka","status":"publish","type":"page","link":"http:\/\/360vista.fr\/wp3\/visite-virtuelle\/asie\/tokyo-filature-de-soie-de-tomioka\/","title":{"rendered":"Tokyo &#8211; Filature de soie de Tomioka"},"content":{"rendered":"<p>Inscrit au patrimoine mondial par l&rsquo;UNESCO depuis 2014, la filature de soie de Tomioka m\u00e9rite le coup d&rsquo;oeil; attention toutefois; le site est en pleine restauration avec pour objectif d&rsquo;\u00eatre r\u00e9nov\u00e9 pour les JO de 2020.<\/p>\n<p style=\"text-align: center;\">\n<!-- PanoPress [1.3] -->\n<div class=\"pp-embed\" style=\"position:relative;\">\n<div id=\"pp_0\" style=\"width:700px; height:350px\"><img decoding=\"async\" src=\"http:\/\/www.360vista.fr\/asie\/jp\/tomioka\/tomioka_banner.jpg\" style=\"width:700px; height:350px\"\/><p><\/p><\/div>\n<script type=\"text\/javascript\">panopress.embed({\"id\":\"pp_0\",\"type\":\"html\",\"version\":\"4.0\",\"viewer\":null,\"width\":\"700px\",\"height\":\"350px\",\"title\":null,\"alt\":null,\"button\":true,\"panobox\":true,\"preview\":\"http:\\\/\\\/www.360vista.fr\\\/asie\\\/jp\\\/tomioka\\\/tomioka_banner.jpg\",\"file\":\"http:\\\/\\\/www.360vista.fr\\\/asie\\\/jp\\\/tomioka\\\/tomioka.html\",\"params\":{\"base\":\"http:\\\/\\\/www.360vista.fr\\\/asie\\\/jp\\\/tomioka\\\/\"}})<\/script>\n<noscript><div class=\"pp-error-msg\"><strong>Error<\/strong><br\/>Javascript not activated<\/div><\/noscript>\n<\/div>\n<!-- \/PanoPress -->\n<\/p>\n","protected":false},"excerpt":{"rendered":"<p>Inscrit au patrimoine mondial par l&rsquo;UNESCO depuis 2014, la filature de soie de Tomioka m\u00e9rite le coup d&rsquo;oeil; attention toutefois; le site est en pleine restauration avec pour objectif d&rsquo;\u00eatre r\u00e9nov\u00e9 pour les JO de 2020.<\/p>\n","protected":false},"author":1,"featured_media":0,"parent":505,"menu_order":0,"comment_status":"closed","ping_status":"closed","template":"","meta":{"footnotes":""},"_links":{"self":[{"href":"http:\/\/360vista.fr\/wp3\/wp-json\/wp\/v2\/pages\/1477"}],"collection":[{"href":"http:\/\/360vista.fr\/wp3\/wp-json\/wp\/v2\/pages"}],"about":[{"href":"http:\/\/360vista.fr\/wp3\/wp-json\/wp\/v2\/types\/page"}],"author":[{"embeddable":true,"href":"http:\/\/360vista.fr\/wp3\/wp-json\/wp\/v2\/users\/1"}],"replies":[{"embeddable":true,"href":"http:\/\/360vista.fr\/wp3\/wp-json\/wp\/v2\/comments?post=1477"}],"version-history":[{"count":2,"href":"http:\/\/360vista.fr\/wp3\/wp-json\/wp\/v2\/pages\/1477\/revisions"}],"predecessor-version":[{"id":1479,"href":"http:\/\/360vista.fr\/wp3\/wp-json\/wp\/v2\/pages\/1477\/revisions\/1479"}],"up":[{"embeddable":true,"href":"http:\/\/360vista.fr\/wp3\/wp-json\/wp\/v2\/pages\/505"}],"wp:attachment":[{"href":"http:\/\/360vista.fr\/wp3\/wp-json\/wp\/v2\/media?parent=1477"}],"curies":[{"name":"wp","href":"https:\/\/api.w.org\/{rel}","templated":true}]}}