{"id":1419,"date":"2015-12-17T16:14:53","date_gmt":"2015-12-17T15:14:53","guid":{"rendered":"http:\/\/360vista.fr\/wp3\/?page_id=1419"},"modified":"2015-12-17T19:18:37","modified_gmt":"2015-12-17T18:18:37","slug":"cuba-la-havane-cathedrale-san-ignacio","status":"publish","type":"page","link":"http:\/\/360vista.fr\/wp3\/visite-virtuelle\/ameriques\/cuba-la-havane-cathedrale-san-ignacio\/","title":{"rendered":"Cuba &#8211; La Havane &#8211; Cath\u00e9drale San Ignacio"},"content":{"rendered":"<p>LA cath\u00e9drale de San Ignacio \u00e0 La Havane m\u00e9rite vraiment le d\u00e9tour; la fa\u00e7ade est magnifique et pour 1cuc, le clocher se visite.<\/p>\n<p style=\"text-align: center;\">\n<!-- PanoPress [1.3] -->\n<div class=\"pp-embed\" style=\"position:relative;\">\n<div id=\"pp_0\" style=\"width:700px; height:350px\"><img decoding=\"async\" src=\"http:\/\/www.360vista.fr\/ame\/cuba\/HAV_cathe_banner.jpg\" style=\"width:700px; height:350px\"\/><p><\/p><\/div>\n<script type=\"text\/javascript\">panopress.embed({\"id\":\"pp_0\",\"type\":\"html\",\"version\":\"4.0\",\"viewer\":null,\"width\":\"700px\",\"height\":\"350px\",\"title\":null,\"alt\":null,\"button\":true,\"panobox\":true,\"preview\":\"http:\\\/\\\/www.360vista.fr\\\/ame\\\/cuba\\\/HAV_cathe_banner.jpg\",\"file\":\"http:\\\/\\\/www.360vista.fr\\\/ame\\\/cuba\\\/HAV_cathe.html\",\"params\":{\"base\":\"http:\\\/\\\/www.360vista.fr\\\/ame\\\/cuba\\\/\"}})<\/script>\n<noscript><div class=\"pp-error-msg\"><strong>Error<\/strong><br\/>Javascript not activated<\/div><\/noscript>\n<\/div>\n<!-- \/PanoPress -->\n<\/p>\n<p>&nbsp;<\/p>\n<p>Ce que dit <a href=\"https:\/\/fr.wikipedia.org\/wiki\/Cath%C3%A9drale_de_La_Havane\" target=\"_blank\">Wikipedia<\/a>:<\/p>\n<p><em>La Cath\u00e9drale de la Vierge Marie de l&rsquo;Immacul\u00e9e Conception (Catedral de la Virgen Mar\u00eda de la Concepci\u00f3n Inmaculada) ou (Catedral San Cristobal de La Habana) est une cath\u00e9drale de style baroque du XVIIIe si\u00e8cle consacr\u00e9e \u00e0 la Vierge Marie, situ\u00e9e dans un des quartiers les plus anciens de la vieille ville de La Havane \u00e0 Cuba. C&rsquo;est une des plus anciennes cath\u00e9drales d&rsquo;Am\u00e9rique.<\/em><\/p>\n","protected":false},"excerpt":{"rendered":"<p>LA cath\u00e9drale de San Ignacio \u00e0 La Havane m\u00e9rite vraiment le d\u00e9tour; la fa\u00e7ade est magnifique et pour 1cuc, le clocher se visite. &nbsp; Ce que dit Wikipedia: La Cath\u00e9drale de la Vierge Marie de l&rsquo;Immacul\u00e9e Conception (Catedral de la Virgen Mar\u00eda de la Concepci\u00f3n Inmaculada) ou (Catedral San Cristobal de La Habana) est une [&hellip;]<\/p>\n","protected":false},"author":1,"featured_media":0,"parent":484,"menu_order":0,"comment_status":"open","ping_status":"open","template":"","meta":{"footnotes":""},"_links":{"self":[{"href":"http:\/\/360vista.fr\/wp3\/wp-json\/wp\/v2\/pages\/1419"}],"collection":[{"href":"http:\/\/360vista.fr\/wp3\/wp-json\/wp\/v2\/pages"}],"about":[{"href":"http:\/\/360vista.fr\/wp3\/wp-json\/wp\/v2\/types\/page"}],"author":[{"embeddable":true,"href":"http:\/\/360vista.fr\/wp3\/wp-json\/wp\/v2\/users\/1"}],"replies":[{"embeddable":true,"href":"http:\/\/360vista.fr\/wp3\/wp-json\/wp\/v2\/comments?post=1419"}],"version-history":[{"count":6,"href":"http:\/\/360vista.fr\/wp3\/wp-json\/wp\/v2\/pages\/1419\/revisions"}],"predecessor-version":[{"id":1429,"href":"http:\/\/360vista.fr\/wp3\/wp-json\/wp\/v2\/pages\/1419\/revisions\/1429"}],"up":[{"embeddable":true,"href":"http:\/\/360vista.fr\/wp3\/wp-json\/wp\/v2\/pages\/484"}],"wp:attachment":[{"href":"http:\/\/360vista.fr\/wp3\/wp-json\/wp\/v2\/media?parent=1419"}],"curies":[{"name":"wp","href":"https:\/\/api.w.org\/{rel}","templated":true}]}}