{"id":1307,"date":"2015-05-27T21:06:35","date_gmt":"2015-05-27T19:06:35","guid":{"rendered":"http:\/\/360vista.fr\/wp3\/?page_id=1307"},"modified":"2015-05-27T21:07:11","modified_gmt":"2015-05-27T19:07:11","slug":"le-panoramic-hotel-appartement-martinique","status":"publish","type":"page","link":"http:\/\/360vista.fr\/wp3\/visite-virtuelle\/realisation\/le-panoramic-hotel-appartement-martinique\/","title":{"rendered":"Le Panoramic (h\u00f4tel appartement) Martinique"},"content":{"rendered":"<p>Aux Trois-\u00eelets (Martinique), superbe lien dominant l&rsquo;Anse-\u00e0-l&rsquo;\u00e2ne avec en arri\u00e8re plan, Fort-de-France.<\/p>\n<p style=\"text-align: center;\">\n<!-- PanoPress [1.3] -->\n<div class=\"pp-embed\" style=\"position:relative;\">\n<div id=\"pp_0\" style=\"width:700px; height:350px\"><img decoding=\"async\" src=\"http:\/\/www.360vista.fr\/pro\/hotels\/martinik\/martinik_banner.jpg\" style=\"width:700px; height:350px\"\/><p><\/p><\/div>\n<script type=\"text\/javascript\">panopress.embed({\"id\":\"pp_0\",\"type\":\"html\",\"version\":\"4.0\",\"viewer\":null,\"width\":\"700px\",\"height\":\"350px\",\"title\":null,\"alt\":null,\"button\":true,\"panobox\":true,\"preview\":\"http:\\\/\\\/www.360vista.fr\\\/pro\\\/hotels\\\/martinik\\\/martinik_banner.jpg\",\"file\":\"http:\\\/\\\/www.360vista.fr\\\/pro\\\/hotels\\\/martinik\\\/panoramic.html\",\"params\":{\"base\":\"http:\\\/\\\/www.360vista.fr\\\/pro\\\/hotels\\\/martinik\\\/\"}})<\/script>\n<noscript><div class=\"pp-error-msg\"><strong>Error<\/strong><br\/>Javascript not activated<\/div><\/noscript>\n<\/div>\n<!-- \/PanoPress -->\n<\/p>\n","protected":false},"excerpt":{"rendered":"<p>Aux Trois-\u00eelets (Martinique), superbe lien dominant l&rsquo;Anse-\u00e0-l&rsquo;\u00e2ne avec en arri\u00e8re plan, Fort-de-France.<\/p>\n","protected":false},"author":1,"featured_media":0,"parent":494,"menu_order":0,"comment_status":"open","ping_status":"open","template":"","meta":{"footnotes":""},"_links":{"self":[{"href":"http:\/\/360vista.fr\/wp3\/wp-json\/wp\/v2\/pages\/1307"}],"collection":[{"href":"http:\/\/360vista.fr\/wp3\/wp-json\/wp\/v2\/pages"}],"about":[{"href":"http:\/\/360vista.fr\/wp3\/wp-json\/wp\/v2\/types\/page"}],"author":[{"embeddable":true,"href":"http:\/\/360vista.fr\/wp3\/wp-json\/wp\/v2\/users\/1"}],"replies":[{"embeddable":true,"href":"http:\/\/360vista.fr\/wp3\/wp-json\/wp\/v2\/comments?post=1307"}],"version-history":[{"count":3,"href":"http:\/\/360vista.fr\/wp3\/wp-json\/wp\/v2\/pages\/1307\/revisions"}],"predecessor-version":[{"id":1310,"href":"http:\/\/360vista.fr\/wp3\/wp-json\/wp\/v2\/pages\/1307\/revisions\/1310"}],"up":[{"embeddable":true,"href":"http:\/\/360vista.fr\/wp3\/wp-json\/wp\/v2\/pages\/494"}],"wp:attachment":[{"href":"http:\/\/360vista.fr\/wp3\/wp-json\/wp\/v2\/media?parent=1307"}],"curies":[{"name":"wp","href":"https:\/\/api.w.org\/{rel}","templated":true}]}}