{"id":1118,"date":"2014-05-27T21:18:43","date_gmt":"2014-05-27T19:18:43","guid":{"rendered":"http:\/\/360vista.fr\/wp3\/?page_id=1118"},"modified":"2014-05-27T21:43:12","modified_gmt":"2014-05-27T19:43:12","slug":"la-havane-cuba","status":"publish","type":"page","link":"http:\/\/360vista.fr\/wp3\/reportages-photos\/la-havane-cuba\/","title":{"rendered":"La Havane &#8211; Cuba"},"content":{"rendered":"<p style=\"text-align: left;\">petit diaporama de clich\u00e9s r\u00e9alis\u00e9s \u00e0 la Havane.<\/p>\n<p style=\"text-align: left;\">Que de belles am\u00e9ricaines! Et apr\u00e8s 50 ans, elle roulent toujours!!!<\/p>\n<p style=\"text-align: center;\"><img decoding=\"async\" class=\"ngg_displayed_gallery mceItem\" src=\"http:\/\/360vista.fr\/wp3\/nextgen-attach_to_post\/preview\/id--1160\" alt=\"\" \/><\/p>\n<p style=\"text-align: center;\">\n","protected":false},"excerpt":{"rendered":"<p>petit diaporama de clich\u00e9s r\u00e9alis\u00e9s \u00e0 la Havane. Que de belles am\u00e9ricaines! Et apr\u00e8s 50 ans, elle roulent toujours!!!<\/p>\n","protected":false},"author":1,"featured_media":0,"parent":173,"menu_order":0,"comment_status":"open","ping_status":"open","template":"","meta":{"footnotes":""},"_links":{"self":[{"href":"http:\/\/360vista.fr\/wp3\/wp-json\/wp\/v2\/pages\/1118"}],"collection":[{"href":"http:\/\/360vista.fr\/wp3\/wp-json\/wp\/v2\/pages"}],"about":[{"href":"http:\/\/360vista.fr\/wp3\/wp-json\/wp\/v2\/types\/page"}],"author":[{"embeddable":true,"href":"http:\/\/360vista.fr\/wp3\/wp-json\/wp\/v2\/users\/1"}],"replies":[{"embeddable":true,"href":"http:\/\/360vista.fr\/wp3\/wp-json\/wp\/v2\/comments?post=1118"}],"version-history":[{"count":7,"href":"http:\/\/360vista.fr\/wp3\/wp-json\/wp\/v2\/pages\/1118\/revisions"}],"predecessor-version":[{"id":1137,"href":"http:\/\/360vista.fr\/wp3\/wp-json\/wp\/v2\/pages\/1118\/revisions\/1137"}],"up":[{"embeddable":true,"href":"http:\/\/360vista.fr\/wp3\/wp-json\/wp\/v2\/pages\/173"}],"wp:attachment":[{"href":"http:\/\/360vista.fr\/wp3\/wp-json\/wp\/v2\/media?parent=1118"}],"curies":[{"name":"wp","href":"https:\/\/api.w.org\/{rel}","templated":true}]}}