{"id":1048,"date":"2014-05-27T15:05:31","date_gmt":"2014-05-27T13:05:31","guid":{"rendered":"http:\/\/360vista.fr\/wp3\/?page_id=1048"},"modified":"2014-05-27T15:07:13","modified_gmt":"2014-05-27T13:07:13","slug":"new-delhi-jantar-mantar","status":"publish","type":"page","link":"http:\/\/360vista.fr\/wp3\/visite-virtuelle\/asie\/new-delhi-jantar-mantar\/","title":{"rendered":"New Delhi &#8211; Jantar Mantar"},"content":{"rendered":"<p>L&rsquo;observatoire de Jantar Mantar vaut le coup d&rsquo;oeil.<\/p>\n<p>L&rsquo;architecture y est r\u00e9solument contemporaine; pourtant, les diff\u00e9rents \u00e9difices datent \u00a0du XVIII si\u00e8cles. \u00a0L&rsquo;ensemble comprend 17 instruments dont un cadran solaire g\u00e9ant (27m de haut!).<\/p>\n<p>Attention, tr\u00e9pied interdit (pas pratique pour la r\u00e9alisation de visites virtuelles).<\/p>\n<p style=\"text-align: center;\">\n<!-- PanoPress [1.3] -->\n<div class=\"pp-embed\" style=\"position:relative;\">\n<div id=\"pp_0\" style=\"width:800px; height:400px\"><img decoding=\"async\" src=\"http:\/\/www.360vista.fr\/asie\/india\/jantar_banner.jpg\" style=\"width:800px; height:400px\"\/><p><\/p><\/div>\n<script type=\"text\/javascript\">panopress.embed({\"id\":\"pp_0\",\"type\":\"html\",\"version\":\"4.0\",\"viewer\":null,\"width\":\"800px\",\"height\":\"400px\",\"title\":null,\"alt\":null,\"button\":true,\"panobox\":true,\"preview\":\"http:\\\/\\\/www.360vista.fr\\\/asie\\\/india\\\/jantar_banner.jpg\",\"file\":\"http:\\\/\\\/www.360vista.fr\\\/asie\\\/india\\\/del_jantar.html\",\"params\":{\"base\":\"http:\\\/\\\/www.360vista.fr\\\/asie\\\/india\\\/\"}})<\/script>\n<noscript><div class=\"pp-error-msg\"><strong>Error<\/strong><br\/>Javascript not activated<\/div><\/noscript>\n<\/div>\n<!-- \/PanoPress -->\n<\/p>\n","protected":false},"excerpt":{"rendered":"<p>L&rsquo;observatoire de Jantar Mantar vaut le coup d&rsquo;oeil. L&rsquo;architecture y est r\u00e9solument contemporaine; pourtant, les diff\u00e9rents \u00e9difices datent \u00a0du XVIII si\u00e8cles. \u00a0L&rsquo;ensemble comprend 17 instruments dont un cadran solaire g\u00e9ant (27m de haut!). Attention, tr\u00e9pied interdit (pas pratique pour la r\u00e9alisation de visites virtuelles).<\/p>\n","protected":false},"author":1,"featured_media":0,"parent":505,"menu_order":0,"comment_status":"open","ping_status":"open","template":"","meta":{"footnotes":""},"_links":{"self":[{"href":"http:\/\/360vista.fr\/wp3\/wp-json\/wp\/v2\/pages\/1048"}],"collection":[{"href":"http:\/\/360vista.fr\/wp3\/wp-json\/wp\/v2\/pages"}],"about":[{"href":"http:\/\/360vista.fr\/wp3\/wp-json\/wp\/v2\/types\/page"}],"author":[{"embeddable":true,"href":"http:\/\/360vista.fr\/wp3\/wp-json\/wp\/v2\/users\/1"}],"replies":[{"embeddable":true,"href":"http:\/\/360vista.fr\/wp3\/wp-json\/wp\/v2\/comments?post=1048"}],"version-history":[{"count":3,"href":"http:\/\/360vista.fr\/wp3\/wp-json\/wp\/v2\/pages\/1048\/revisions"}],"predecessor-version":[{"id":1050,"href":"http:\/\/360vista.fr\/wp3\/wp-json\/wp\/v2\/pages\/1048\/revisions\/1050"}],"up":[{"embeddable":true,"href":"http:\/\/360vista.fr\/wp3\/wp-json\/wp\/v2\/pages\/505"}],"wp:attachment":[{"href":"http:\/\/360vista.fr\/wp3\/wp-json\/wp\/v2\/media?parent=1048"}],"curies":[{"name":"wp","href":"https:\/\/api.w.org\/{rel}","templated":true}]}}