{"id":1044,"date":"2014-05-13T23:14:54","date_gmt":"2014-05-13T21:14:54","guid":{"rendered":"http:\/\/360vista.fr\/wp3\/?page_id=1044"},"modified":"2014-05-13T23:14:54","modified_gmt":"2014-05-13T21:14:54","slug":"ang-dechet","status":"publish","type":"page","link":"http:\/\/360vista.fr\/wp3\/visite-virtuelle\/france-angers\/ang-dechet\/","title":{"rendered":"Angers &#8211; D\u00e9ch\u00e8terie (ou la b\u00eatise humaine)"},"content":{"rendered":"<p>pas d&rsquo;autre titre mais franchement le titre s&rsquo;impose.<\/p>\n<p>D\u00e9ch\u00e8terie ferm\u00e9e (gr\u00e8ve) donc on d\u00e9pose tout devant&#8230;<\/p>\n<p style=\"text-align: center;\">\n<!-- PanoPress [1.3] -->\n<div class=\"pp-embed\" style=\"position:relative;\">\n<div id=\"pp_0\" style=\"width:800px; height:400px\"><img decoding=\"async\" src=\"http:\/\/www.360vista.fr\/angers\/ang_dechet_banner.jpg\" style=\"width:800px; height:400px\"\/><p><\/p><\/div>\n<script type=\"text\/javascript\">panopress.embed({\"id\":\"pp_0\",\"type\":\"html\",\"version\":\"4.0\",\"viewer\":null,\"width\":\"800px\",\"height\":\"400px\",\"title\":null,\"alt\":null,\"button\":true,\"panobox\":true,\"preview\":\"http:\\\/\\\/www.360vista.fr\\\/angers\\\/ang_dechet_banner.jpg\",\"file\":\"http:\\\/\\\/www.360vista.fr\\\/angers\\\/ang_dech.html\",\"params\":{\"base\":\"http:\\\/\\\/www.360vista.fr\\\/angers\\\/\"}})<\/script>\n<noscript><div class=\"pp-error-msg\"><strong>Error<\/strong><br\/>Javascript not activated<\/div><\/noscript>\n<\/div>\n<!-- \/PanoPress -->\n<\/p>\n","protected":false},"excerpt":{"rendered":"<p>pas d&rsquo;autre titre mais franchement le titre s&rsquo;impose. D\u00e9ch\u00e8terie ferm\u00e9e (gr\u00e8ve) donc on d\u00e9pose tout devant&#8230;<\/p>\n","protected":false},"author":1,"featured_media":0,"parent":496,"menu_order":0,"comment_status":"open","ping_status":"open","template":"","meta":{"footnotes":""},"_links":{"self":[{"href":"http:\/\/360vista.fr\/wp3\/wp-json\/wp\/v2\/pages\/1044"}],"collection":[{"href":"http:\/\/360vista.fr\/wp3\/wp-json\/wp\/v2\/pages"}],"about":[{"href":"http:\/\/360vista.fr\/wp3\/wp-json\/wp\/v2\/types\/page"}],"author":[{"embeddable":true,"href":"http:\/\/360vista.fr\/wp3\/wp-json\/wp\/v2\/users\/1"}],"replies":[{"embeddable":true,"href":"http:\/\/360vista.fr\/wp3\/wp-json\/wp\/v2\/comments?post=1044"}],"version-history":[{"count":2,"href":"http:\/\/360vista.fr\/wp3\/wp-json\/wp\/v2\/pages\/1044\/revisions"}],"predecessor-version":[{"id":1046,"href":"http:\/\/360vista.fr\/wp3\/wp-json\/wp\/v2\/pages\/1044\/revisions\/1046"}],"up":[{"embeddable":true,"href":"http:\/\/360vista.fr\/wp3\/wp-json\/wp\/v2\/pages\/496"}],"wp:attachment":[{"href":"http:\/\/360vista.fr\/wp3\/wp-json\/wp\/v2\/media?parent=1044"}],"curies":[{"name":"wp","href":"https:\/\/api.w.org\/{rel}","templated":true}]}}