{"id":1033,"date":"2014-05-11T23:35:44","date_gmt":"2014-05-11T21:35:44","guid":{"rendered":"http:\/\/360vista.fr\/wp3\/?page_id=1033"},"modified":"2014-05-11T23:36:26","modified_gmt":"2014-05-11T21:36:26","slug":"bangkok-wat-pho","status":"publish","type":"page","link":"http:\/\/360vista.fr\/wp3\/visite-virtuelle\/asie\/bangkok-wat-pho\/","title":{"rendered":"Bangkok Wat Pho"},"content":{"rendered":"<p style=\"text-align: center;\">\n<!-- PanoPress [1.3] -->\n<div class=\"pp-embed\" style=\"position:relative;\">\n<div id=\"pp_0\" style=\"width:800px; height:400px\"><img decoding=\"async\" src=\"http:\/\/www.360vista.fr\/asie\/bkk\/watpho_banner.jpg\" style=\"width:800px; height:400px\"\/><p><\/p><\/div>\n<script type=\"text\/javascript\">panopress.embed({\"id\":\"pp_0\",\"type\":\"html\",\"version\":\"4.0\",\"viewer\":null,\"width\":\"800px\",\"height\":\"400px\",\"title\":null,\"alt\":null,\"button\":true,\"panobox\":true,\"preview\":\"http:\\\/\\\/www.360vista.fr\\\/asie\\\/bkk\\\/watpho_banner.jpg\",\"file\":\"http:\\\/\\\/www.360vista.fr\\\/asie\\\/bkk\\\/watpho.html\",\"params\":{\"base\":\"http:\\\/\\\/www.360vista.fr\\\/asie\\\/bkk\\\/\"}})<\/script>\n<noscript><div class=\"pp-error-msg\"><strong>Error<\/strong><br\/>Javascript not activated<\/div><\/noscript>\n<\/div>\n<!-- \/PanoPress -->\n<\/p>\n<p style=\"text-align: left;\">Ce que dit Wiki:<\/p>\n<p>Le <b>Wat Pho<\/b> (<a title=\"Tha\u00ef\" href=\"http:\/\/fr.wikipedia.org\/wiki\/Tha%C3%AF\">tha\u00ef<\/a> \u0e27\u0e31\u0e14\u0e42\u0e1e\u0e18\u0e34\u0e4c, <span class=\"API\" title=\"Alphabet phon\u00e9tique international\">w\u00e1t p\u02b0o\u02d0<\/span>), ou <b>Wat Phra Chettuphon<\/b> (temple du Bouddha couch\u00e9), est un des plus grands et des plus anciens <a title=\"Wat (architecture)\" href=\"http:\/\/fr.wikipedia.org\/wiki\/Wat_%28architecture%29\">temples bouddhistes<\/a> de <a title=\"Bangkok\" href=\"http:\/\/fr.wikipedia.org\/wiki\/Bangkok\">Bangkok<\/a>. D&rsquo;une superficie de 8 hectares, il est situ\u00e9 \u00e0 l&rsquo;est de la <a title=\"Chao Phraya\" href=\"http:\/\/fr.wikipedia.org\/wiki\/Chao_Phraya\">Chao Phraya<\/a>, imm\u00e9diatement au sud du <a title=\"Palais royal (Bangkok)\" href=\"http:\/\/fr.wikipedia.org\/wiki\/Palais_royal_%28Bangkok%29\">Palais royal (Bangkok)<\/a>.<\/p>\n<p>Il abrite un grand <a title=\"Bouddha couch\u00e9\" href=\"http:\/\/fr.wikipedia.org\/wiki\/Bouddha_couch%C3%A9\">Bouddha couch\u00e9<\/a> (\u0e1e\u0e23\u0e30\u0e1e\u0e38\u0e17\u0e18\u0e44\u0e2a\u0e22\u0e32\u0e2a\u0e19\u0e4c), auquel il doit son nom officiel, <b>Wat Phra Chettuphon Wimon Mangkhalaram Ratchaworamahawihan<\/b> (\u0e27\u0e31\u0e14\u0e1e\u0e23\u0e30\u0e40\u0e0a\u0e15\u0e38\u0e1e\u0e19\u0e27\u0e34\u0e21\u0e25\u0e21\u0e31\u0e07\u0e04\u0e25\u0e32\u0e23\u0e32\u0e21\u0e23\u0e32\u0e0a\u0e27\u0e23\u0e21\u0e2b\u0e32\u0e27\u0e34\u0e2b\u0e32\u0e23, <span class=\"API\" title=\"Alphabet phon\u00e9tique international\">w\u00e1t p\u02b0r\u00e1\u0294 t\u0255\u02b0\u00eattup\u02b0on w\u00ed\u0294mon ma\u014bk\u02b0ala\u02d0ra\u02d0m r\u00e2\u02d0tt\u0255\u02b0aw\u0254\u02d0r\u00e1\u0294mah\u01ce\u02d0w\u00ed\u0294h\u01ce\u02d0n<\/span>). Cette statue repr\u00e9sente Bouddha sur son lit de mort, sur le point d&rsquo;acc\u00e9der au <a class=\"mw-redirect\" title=\"Parinirv\u00e2na\" href=\"http:\/\/fr.wikipedia.org\/wiki\/Parinirv%C3%A2na\">parinirv\u00e2na<\/a>. Elle fait 45 m\u00e8tres de long et 15 m\u00e8tres de haut. Ses pieds sont incrust\u00e9s de <a title=\"Nacre\" href=\"http:\/\/fr.wikipedia.org\/wiki\/Nacre\">nacre<\/a> repr\u00e9sentant les 108 \u00e9tats de <a title=\"Bouddha\" href=\"http:\/\/fr.wikipedia.org\/wiki\/Bouddha\">Bouddha<\/a>.<\/p>\n<p>Le Wat Pho est aussi le lieu de naissance du <a title=\"Massage tha\u00ef\" href=\"http:\/\/fr.wikipedia.org\/wiki\/Massage_tha%C3%AF\">massage tha\u00ef<\/a> traditionnel. Depuis 1962, il h\u00e9berge une \u00e9cole de massage et de m\u00e9decine traditionnelle r\u00e9put\u00e9e.<\/p>\n<p>La construction du temple actuel a d\u00e9but\u00e9 en <a title=\"1788\" href=\"http:\/\/fr.wikipedia.org\/wiki\/1788\">1788<\/a>, sur le site d&rsquo;un temple plus ancien, le Wat Phodharam. Il a \u00e9t\u00e9 \u00e9tendu, avec d&rsquo;importantes restaurations, sous le r\u00e8gne de <a title=\"Rama III\" href=\"http:\/\/fr.wikipedia.org\/wiki\/Rama_III\">Rama III<\/a> (1824-1851). Il a \u00e9t\u00e9 restaur\u00e9 \u00e0 nouveau en 1982.<\/p>\n<p>source:\u00a0<a href=\"http:\/\/fr.wikipedia.org\/wiki\/Wat_Pho\" target=\"_blank\">http:\/\/fr.wikipedia.org\/wiki\/Wat_Pho<\/a><\/p>\n","protected":false},"excerpt":{"rendered":"<p>Ce que dit Wiki: Le Wat Pho (tha\u00ef \u0e27\u0e31\u0e14\u0e42\u0e1e\u0e18\u0e34\u0e4c, w\u00e1t p\u02b0o\u02d0), ou Wat Phra Chettuphon (temple du Bouddha couch\u00e9), est un des plus grands et des plus anciens temples bouddhistes de Bangkok. D&rsquo;une superficie de 8 hectares, il est situ\u00e9 \u00e0 l&rsquo;est de la Chao Phraya, imm\u00e9diatement au sud du Palais royal (Bangkok). Il abrite [&hellip;]<\/p>\n","protected":false},"author":1,"featured_media":0,"parent":505,"menu_order":0,"comment_status":"open","ping_status":"open","template":"","meta":{"footnotes":""},"_links":{"self":[{"href":"http:\/\/360vista.fr\/wp3\/wp-json\/wp\/v2\/pages\/1033"}],"collection":[{"href":"http:\/\/360vista.fr\/wp3\/wp-json\/wp\/v2\/pages"}],"about":[{"href":"http:\/\/360vista.fr\/wp3\/wp-json\/wp\/v2\/types\/page"}],"author":[{"embeddable":true,"href":"http:\/\/360vista.fr\/wp3\/wp-json\/wp\/v2\/users\/1"}],"replies":[{"embeddable":true,"href":"http:\/\/360vista.fr\/wp3\/wp-json\/wp\/v2\/comments?post=1033"}],"version-history":[{"count":3,"href":"http:\/\/360vista.fr\/wp3\/wp-json\/wp\/v2\/pages\/1033\/revisions"}],"predecessor-version":[{"id":1036,"href":"http:\/\/360vista.fr\/wp3\/wp-json\/wp\/v2\/pages\/1033\/revisions\/1036"}],"up":[{"embeddable":true,"href":"http:\/\/360vista.fr\/wp3\/wp-json\/wp\/v2\/pages\/505"}],"wp:attachment":[{"href":"http:\/\/360vista.fr\/wp3\/wp-json\/wp\/v2\/media?parent=1033"}],"curies":[{"name":"wp","href":"https:\/\/api.w.org\/{rel}","templated":true}]}}